{"id":3870,"date":"2025-04-09T22:59:41","date_gmt":"2025-04-09T22:59:41","guid":{"rendered":"https:\/\/swssco.ch\/?page_id=3870"},"modified":"2026-01-09T23:45:27","modified_gmt":"2026-01-09T23:45:27","slug":"get-listed","status":"publish","type":"page","link":"https:\/\/swssco.ch\/de\/get-listed\/","title":{"rendered":"Liste hinzuf\u00fcgen"},"content":{"rendered":"<p><strong>Erreichen Sie hochwertige Kunden. Bauen Sie Vertrauen auf. Erzielen Sie eingehende Leads.<\/strong><br>Jetzt offen f\u00fcr <strong>FINMA-regulierte Schweizer Firmen<\/strong>, <strong>FMA-bewilligte liechtensteinische Institute<\/strong>und lizenziert <strong>PPLI-Anbieter<\/strong>.<\/p>\n\n\n\n<h2 class=\"wp-block-heading\" id=\"h-get-listed\"><strong>Liste hinzuf\u00fcgen<\/strong><\/h2>\n\n\n\n<p>Erreichen Sie hochwertige Kunden. Bauen Sie Vertrauen auf. Erzielen Sie eingehende Leads. <strong>Basic Listings sind kostenlos<\/strong> <\/p>\n\n\n\n<div class=\"wp-block-columns alignwide is-layout-flex wp-container-core-columns-is-layout-829b1d53 wp-block-columns-is-layout-flex\" style=\"margin-bottom:0\">\n<div class=\"wp-block-column has-text-color has-background has-link-color wp-elements-90b300b836989ebc48dd31250d475c17 is-layout-flow wp-block-column-is-layout-flow\" style=\"color:#000000;background-color:#e5d0a9;padding-top:2em;padding-right:2em;padding-bottom:2em;padding-left:2em\">\n<h2 class=\"wp-block-heading has-text-align-center has-medium-font-size\" id=\"single\"><strong><strong>Gepr\u00fcft<\/strong><\/strong><\/h2>\n\n\n\n<p class=\"has-text-align-center has-normal-font-size\" style=\"line-height:1.5\"><strong>\"Glaubw\u00fcrdigkeitsschub\"<\/strong><\/p>\n\n\n\n<hr class=\"wp-block-separator has-text-color has-css-opacity has-background is-style-wide\" style=\"background-color:#000000;color:#000000\"\/>\n\n\n\n<ul class=\"wp-block-list has-normal-font-size\">\n<li>Logo und Website.<\/li>\n\n\n\n<li>Kontaktinformationen.<\/li>\n\n\n\n<li>Beschreibung.<br><\/li>\n<\/ul>\n\n\n\n<div class=\"wp-block-buttons alignfull is-horizontal is-content-justification-center is-layout-flex wp-container-core-buttons-is-layout-499968f5 wp-block-buttons-is-layout-flex\">\n<div class=\"wp-block-button has-custom-width wp-block-button__width-100\"><a class=\"wp-block-button__link has-white-color has-text-color has-background no-border-radius wp-element-button\" href=\"https:\/\/swssco.ch\/de\/inquiry-form\/\" style=\"background-color:#0b1f41\"><strong>CHF 190\/Jahr<\/strong><\/a><\/div>\n<\/div>\n<\/div>\n\n\n\n<div class=\"wp-block-column has-text-color has-background has-link-color wp-elements-a0aee6c6e3adbf114c4f4ea73a2b9ac5 is-layout-flow wp-block-column-is-layout-flow\" style=\"color:#000000;background-color:#e5d0a9;padding-top:2em;padding-right:2em;padding-bottom:2em;padding-left:2em\">\n<h2 class=\"wp-block-heading has-text-align-center has-medium-font-size\" id=\"family\"><strong><strong>Ausgew\u00e4hlt<\/strong><\/strong><\/h2>\n\n\n\n<p class=\"has-text-align-center has-normal-font-size\" style=\"line-height:1.5\"><strong>\"Am beliebtesten\"<\/strong><\/p>\n\n\n\n<hr class=\"wp-block-separator has-css-opacity is-style-wide\"\/>\n\n\n\n<ul class=\"wp-block-list has-normal-font-size\">\n<li>Gepr\u00fcft <\/li>\n\n\n\n<li>+ Homepage-Rotation (nur 9 Pl\u00e4tze)<br><\/li>\n<\/ul>\n\n\n\n<div class=\"wp-block-buttons alignfull is-horizontal is-content-justification-center is-layout-flex wp-container-core-buttons-is-layout-499968f5 wp-block-buttons-is-layout-flex\">\n<div class=\"wp-block-button has-custom-width wp-block-button__width-100 is-style-fill\"><a class=\"wp-block-button__link has-white-color has-text-color has-background no-border-radius wp-element-button\" href=\"https:\/\/swssco.ch\/de\/inquiry-form\/\" style=\"background-color:#0b1f41\"><strong>CHF 390\/Jahr<\/strong><\/a><\/div>\n<\/div>\n<\/div>\n\n\n\n<div class=\"wp-block-column has-text-color has-background has-link-color wp-elements-b41b30419129be77b820118ee22f8b2d is-layout-flow wp-block-column-is-layout-flow\" style=\"color:#000000;background-color:#e5d0a9;padding-top:2em;padding-right:2em;padding-bottom:2em;padding-left:2em\">\n<h2 class=\"wp-block-heading has-text-align-center has-medium-font-size\" id=\"patron\"><strong><strong>Angeheftet <\/strong><\/strong><\/h2>\n\n\n\n<p class=\"has-text-align-center has-normal-font-size\"><strong>\"Erstklassige Sichtbarkeit\"<\/strong><\/p>\n\n\n\n<hr class=\"wp-block-separator has-css-opacity is-style-wide\"\/>\n\n\n\n<ul class=\"wp-block-list has-normal-font-size\">\n<li>Fester Heimatort <\/li>\n\n\n\n<li>LinkedIn-Newsletter Werbeaktion    <br>                                                                                                            <\/li>\n<\/ul>\n\n\n\n<div class=\"wp-block-buttons alignfull is-horizontal is-content-justification-center is-layout-flex wp-container-core-buttons-is-layout-499968f5 wp-block-buttons-is-layout-flex\">\n<div class=\"wp-block-button has-custom-width wp-block-button__width-100\"><a class=\"wp-block-button__link has-white-color has-text-color has-background no-border-radius wp-element-button\" href=\"https:\/\/swssco.ch\/de\/inquiry-form\/\" style=\"background-color:#0b1f41\"><strong>CHF 1790\/year<\/strong><\/a><\/div>\n<\/div>\n<\/div>\n<\/div>\n\n\n\n<p>90% der Besucher klicken auf \"Verified\" oder \"Featured Listings\". Nur noch 3 Pinned Homepage Spots \u00fcbrig.<\/p>\n\n\n\n<p><strong><a href=\"https:\/\/swssco.ch\/de\/\">SWSSCO<\/a> ist das einzige Nischenverzeichnis, das ausschliesslich f\u00fcr das Schweizer und Liechtensteiner Finanz-\u00d6kosystem entwickelt wurde.<br>Wir helfen regulierten Unternehmen dabei, von anderen entdeckt zu werden:<\/strong><\/p>\n\n\n\n<ul class=\"wp-block-list\">\n<li>Institutionelle Zuweiser<\/li>\n\n\n\n<li>Familienb\u00fcros<\/li>\n\n\n\n<li>Private Banken<\/li>\n\n\n\n<li>UHNW-Kunden und grenz\u00fcberschreitende Berater<\/li>\n<\/ul>\n\n\n\n<p>Sie treten nicht nur einem Verzeichnis bei - Sie treten <strong>Die vertrauensw\u00fcrdigste Sichtbarkeitsplattform der Schweiz<\/strong> f\u00fcr Reichtum &amp; <a href=\"https:\/\/swssco.ch\/de\/wealth-management\/asset-management\/\">Verm\u00f6gensverwaltung<\/a><\/p>\n\n\n\n<h3 class=\"wp-block-heading\" id=\"h-sponsored-content-amp-advertising-options\">Gesponserte Inhalte &amp; Werbeoptionen<\/h3>\n\n\n\n<figure class=\"wp-block-table\"><table class=\"has-fixed-layout\"><thead><tr><th><strong>Produkt<\/strong><\/th><th><strong>Was Sie bekommen<\/strong><\/th><th><strong>Preis (CHF)<\/strong><\/th><\/tr><\/thead><tbody><tr><td><strong>Gesponserter Artikel<\/strong><\/td><td>Artikel + LinkedIn-Werbung + Newsletter-Beitrag<\/td><td>CHF 450 (einmalig)<\/td><\/tr><tr><td><strong>Premium-Markenpaket<\/strong><\/td><td>Artikel + Homepage-Banner + LinkedIn-Post<\/td><td>CHF 950 (einmalig)<\/td><\/tr><tr><td><strong>Kategorie-Banner (statisch)<\/strong><\/td><td>Top-Platzierung in Asset \/ Wealth \/ <a href=\"https:\/\/swssco.ch\/de\/wealth-management\/private-banking\/\">Privatkundengesch\u00e4ft<\/a> Abschnitte<\/td><td>CHF 490 \/ Monat<\/td><\/tr><\/tbody><\/table><\/figure>\n\n\n\n<hr class=\"wp-block-separator has-alpha-channel-opacity\"\/>\n\n\n\n<p><strong> St\u00e4rken Sie Ihre Marke mit erstklassiger Sichtbarkeit<\/strong><br>Profitieren Sie von einer Full-Funnel-Pr\u00e4senz und einem Nischen-Targeting, das auf Schweizer Finanzfachleute zugeschnitten ist. Der Newsletter erreicht \u00fcber 2.000 Entscheidungstr\u00e4ger. Die Anzahl der Sponsoren ist auf 3 pro Kategorie begrenzt - handeln Sie schnell!<\/p>\n\n\n\n<h2 class=\"wp-block-heading\">Einf\u00fchrungsangebot - Nur f\u00fcr Early Adopters<\/h2>\n\n\n\n<p><strong>Nur f\u00fcr die ersten 20 verifizierten Unternehmen und PPLI-Plattformen verf\u00fcgbar<\/strong><\/p>\n\n\n\n<p>\u2705 Kostenloses LinkedIn-Feature (Wert CHF 150)<br>\u2705 Vorrangige Homepage-Platzierung f\u00fcr 3 Monate<br>\u2705 \"Gr\u00fcndungsmitglied\"-Abzeichen in Ihrem Verzeichnis<\/p>\n\n\n\n<h3 class=\"wp-block-heading\" id=\"h-who-can-apply\">Wer kann sich bewerben?<\/h3>\n\n\n\n<ul class=\"wp-block-list\">\n<li>FINMA-regulierte Schweizer Firmen<\/li>\n\n\n\n<li>FMA-bewilligte liechtensteinische Stellen<\/li>\n\n\n\n<li>Zugelassene PPLI\/PPVA-Anbieter<\/li>\n\n\n\n<li>Boutique-Verm\u00f6gensunternehmen mit verifiziertem regulatorischem Status<\/li>\n\n\n\n<li>Spezialisten f\u00fcr grenz\u00fcberschreitende Strukturierung (vorbehaltlich der \u00dcberpr\u00fcfung)<\/li>\n<\/ul>\n\n\n\n<h3 class=\"wp-block-heading\" id=\"h-join-the-most-trusted-directory-in-swiss-finance\">Treten Sie dem vertrauensw\u00fcrdigsten Verzeichnis im Schweizer Finanzwesen bei<\/h3>\n\n\n\n<p>Ob Sie nun ein kleiner Verm\u00f6gensverwalter oder eine etablierte Privatbank sind, Sichtbarkeit ist wichtig.<\/p>\n\n\n\n<ul class=\"wp-block-list\">\n<li><strong>Glaubw\u00fcrdigkeit aufbauen<\/strong><\/li>\n\n\n\n<li><strong>Erreichen Sie die richtige Zielgruppe<\/strong><\/li>\n\n\n\n<li><strong>Besitzen Sie Ihre Online-Pr\u00e4senz<\/strong><\/li>\n<\/ul>\n\n\n\n<p>Sichern Sie sich Ihren Platz, bevor er weg ist.<\/p>\n\n\n\n<hr class=\"wp-block-separator has-alpha-channel-opacity\"\/>\n\n\n\n<div class=\"wp-block-buttons is-content-justification-right is-layout-flex wp-container-core-buttons-is-layout-765c4724 wp-block-buttons-is-layout-flex\">\n<div class=\"wp-block-button is-style-outline is-style-outline--1\"><a class=\"wp-block-button__link has-text-color has-background has-link-color has-text-align-left wp-element-button\" href=\"https:\/\/swssco.ch\/de\/inquiry-form\/\" style=\"border-radius:5px;color:#0b1f41;background-color:#cfae70\">F\u00fcr gesponserte Inhalte bewerben <\/a><\/div>\n<\/div>\n\n\n\n<p><\/p>","protected":false},"excerpt":{"rendered":"<p>Reach high-value clients. Build trust. Drive inbound leads.Now open to FINMA-regulated Swiss firms, FMA-authorized Liechtenstein institutions, and licensed PPLI providers. Get Listed Reach high-value clients. Build trust. Drive inbound leads. Basic Listings are Free Verified \u201cCredibility Boost\u201d Featured \u201cMost Popular\u201d Pinned \u201cPremium Visibility\u201d 90% of visitors click on Verified or Featured listings. Only 3 Pinned [&hellip;]<\/p>","protected":false},"author":1,"featured_media":0,"parent":0,"menu_order":0,"comment_status":"closed","ping_status":"closed","template":"","meta":{"content-type":"","_monsterinsights_skip_tracking":false,"_monsterinsights_sitenote_active":false,"_monsterinsights_sitenote_note":"","_monsterinsights_sitenote_category":0,"_uf_show_specific_survey":0,"_uf_disable_surveys":false,"footnotes":""},"class_list":["post-3870","page","type-page","status-publish","hentry"],"yoast_head":"<!-- This site is optimized with the Yoast SEO Premium plugin v24.6 (Yoast SEO v24.6) - https:\/\/yoast.com\/wordpress\/plugins\/seo\/ -->\n<title>Get Listed - Swssco<\/title>\n<meta name=\"description\" content=\"Get listed in the FINMA-curated Swiss Asset &amp; Wealth Manager Directory! \ud83c\udf1f Boost visibility, connect with top clients, and grow your network.\" \/>\n<meta name=\"robots\" content=\"index, follow, max-snippet:-1, max-image-preview:large, max-video-preview:-1\" \/>\n<link rel=\"canonical\" href=\"https:\/\/swssco.ch\/de\/get-listed\/\" \/>\n<meta property=\"og:locale\" content=\"de_DE\" \/>\n<meta property=\"og:type\" content=\"article\" \/>\n<meta property=\"og:title\" content=\"Get Listed\" \/>\n<meta property=\"og:description\" content=\"Get listed in the FINMA-curated Swiss Asset &amp; Wealth Manager Directory! \ud83c\udf1f Boost visibility, connect with top clients, and grow your network.\" \/>\n<meta property=\"og:url\" content=\"https:\/\/swssco.ch\/de\/get-listed\/\" \/>\n<meta property=\"og:site_name\" content=\"Swssco\" \/>\n<meta property=\"article:publisher\" content=\"https:\/\/www.facebook.com\/swssco.ch\" \/>\n<meta property=\"article:modified_time\" content=\"2026-01-09T23:45:27+00:00\" \/>\n<meta property=\"og:image\" content=\"https:\/\/swssco.ch\/wp-content\/uploads\/2025\/03\/alin-andersen-qf4fhNnsn6M-unsplash-1-2048x1365.jpg-1-e1743200960784.webp\" \/>\n\t<meta property=\"og:image:width\" content=\"1280\" \/>\n\t<meta property=\"og:image:height\" content=\"853\" \/>\n\t<meta property=\"og:image:type\" content=\"image\/webp\" \/>\n<meta name=\"twitter:card\" content=\"summary_large_image\" \/>\n<meta name=\"twitter:label1\" content=\"Gesch\u00e4tzte Lesezeit\" \/>\n\t<meta name=\"twitter:data1\" content=\"2\u00a0Minuten\" \/>\n<script type=\"application\/ld+json\" class=\"yoast-schema-graph\">{\"@context\":\"https:\/\/schema.org\",\"@graph\":[{\"@type\":\"WebPage\",\"@id\":\"https:\/\/swssco.ch\/get-listed\/\",\"url\":\"https:\/\/swssco.ch\/get-listed\/\",\"name\":\"Get Listed - Swssco\",\"isPartOf\":{\"@id\":\"https:\/\/swssco.ch\/#website\"},\"datePublished\":\"2025-04-09T22:59:41+00:00\",\"dateModified\":\"2026-01-09T23:45:27+00:00\",\"description\":\"Get listed in the FINMA-curated Swiss Asset & Wealth Manager Directory! \ud83c\udf1f Boost visibility, connect with top clients, and grow your network.\",\"breadcrumb\":{\"@id\":\"https:\/\/swssco.ch\/get-listed\/#breadcrumb\"},\"inLanguage\":\"de-CH\",\"potentialAction\":[{\"@type\":\"ReadAction\",\"target\":[\"https:\/\/swssco.ch\/get-listed\/\"]}]},{\"@type\":\"BreadcrumbList\",\"@id\":\"https:\/\/swssco.ch\/get-listed\/#breadcrumb\",\"itemListElement\":[{\"@type\":\"ListItem\",\"position\":1,\"name\":\"Home\",\"item\":\"https:\/\/swssco.ch\/\"},{\"@type\":\"ListItem\",\"position\":2,\"name\":\"Get Listed\"}]},{\"@type\":\"WebSite\",\"@id\":\"https:\/\/swssco.ch\/#website\",\"url\":\"https:\/\/swssco.ch\/\",\"name\":\"Swssco\",\"description\":\"Swiss Wealth Hub\",\"publisher\":{\"@id\":\"https:\/\/swssco.ch\/#organization\"},\"alternateName\":\"Wealth & Asset Management Directory\",\"potentialAction\":[{\"@type\":\"SearchAction\",\"target\":{\"@type\":\"EntryPoint\",\"urlTemplate\":\"https:\/\/swssco.ch\/?s={search_term_string}\"},\"query-input\":{\"@type\":\"PropertyValueSpecification\",\"valueRequired\":true,\"valueName\":\"search_term_string\"}}],\"inLanguage\":\"de-CH\"},{\"@type\":\"Organization\",\"@id\":\"https:\/\/swssco.ch\/#organization\",\"name\":\"Swssco\",\"alternateName\":\"Swssco\",\"url\":\"https:\/\/swssco.ch\/\",\"logo\":{\"@type\":\"ImageObject\",\"inLanguage\":\"de-CH\",\"@id\":\"https:\/\/swssco.ch\/#\/schema\/logo\/image\/\",\"url\":\"https:\/\/swssco.ch\/wp-content\/uploads\/2025\/03\/qqq-removebg-preview.png\",\"contentUrl\":\"https:\/\/swssco.ch\/wp-content\/uploads\/2025\/03\/qqq-removebg-preview.png\",\"width\":400,\"height\":100,\"caption\":\"Swssco\"},\"image\":{\"@id\":\"https:\/\/swssco.ch\/#\/schema\/logo\/image\/\"},\"sameAs\":[\"https:\/\/www.facebook.com\/swssco.ch\",\"https:\/\/www.linkedin.com\/company\/swssco-ch\"],\"description\":\"Our mission is to create a transparent, convenient, and reliable resource for finding and selecting Switzerland\u2019s top financial institutions. In doing so, we aim to provide you with a seamless experience, making it easier than ever to connect with trusted, leading financial experts. Furthermore, we are committed to offering comprehensive insights and guidance, ensuring you make informed decisions every step of the way.\",\"email\":\"info@swssco.ch\",\"legalName\":\"Swssco\",\"foundingDate\":\"2022-12-07\",\"numberOfEmployees\":{\"@type\":\"QuantitativeValue\",\"minValue\":\"1\",\"maxValue\":\"10\"}}]}<\/script>\n<!-- \/ Yoast SEO Premium plugin. -->","yoast_head_json":{"title":"Get Listed - Swssco","description":"Get listed in the FINMA-curated Swiss Asset & Wealth Manager Directory! \ud83c\udf1f Boost visibility, connect with top clients, and grow your network.","robots":{"index":"index","follow":"follow","max-snippet":"max-snippet:-1","max-image-preview":"max-image-preview:large","max-video-preview":"max-video-preview:-1"},"canonical":"https:\/\/swssco.ch\/de\/get-listed\/","og_locale":"de_DE","og_type":"article","og_title":"Get Listed","og_description":"Get listed in the FINMA-curated Swiss Asset & Wealth Manager Directory! \ud83c\udf1f Boost visibility, connect with top clients, and grow your network.","og_url":"https:\/\/swssco.ch\/de\/get-listed\/","og_site_name":"Swssco","article_publisher":"https:\/\/www.facebook.com\/swssco.ch","article_modified_time":"2026-01-09T23:45:27+00:00","og_image":[{"width":1280,"height":853,"url":"https:\/\/swssco.ch\/wp-content\/uploads\/2025\/03\/alin-andersen-qf4fhNnsn6M-unsplash-1-2048x1365.jpg-1-e1743200960784.webp","type":"image\/webp"}],"twitter_card":"summary_large_image","twitter_misc":{"Gesch\u00e4tzte Lesezeit":"2\u00a0Minuten"},"schema":{"@context":"https:\/\/schema.org","@graph":[{"@type":"WebPage","@id":"https:\/\/swssco.ch\/get-listed\/","url":"https:\/\/swssco.ch\/get-listed\/","name":"Get Listed - Swssco","isPartOf":{"@id":"https:\/\/swssco.ch\/#website"},"datePublished":"2025-04-09T22:59:41+00:00","dateModified":"2026-01-09T23:45:27+00:00","description":"Get listed in the FINMA-curated Swiss Asset & Wealth Manager Directory! \ud83c\udf1f Boost visibility, connect with top clients, and grow your network.","breadcrumb":{"@id":"https:\/\/swssco.ch\/get-listed\/#breadcrumb"},"inLanguage":"de-CH","potentialAction":[{"@type":"ReadAction","target":["https:\/\/swssco.ch\/get-listed\/"]}]},{"@type":"BreadcrumbList","@id":"https:\/\/swssco.ch\/get-listed\/#breadcrumb","itemListElement":[{"@type":"ListItem","position":1,"name":"Home","item":"https:\/\/swssco.ch\/"},{"@type":"ListItem","position":2,"name":"Get Listed"}]},{"@type":"WebSite","@id":"https:\/\/swssco.ch\/#website","url":"https:\/\/swssco.ch\/","name":"Swssco","description":"Swiss Wealth Hub","publisher":{"@id":"https:\/\/swssco.ch\/#organization"},"alternateName":"Wealth & Asset Management Directory","potentialAction":[{"@type":"SearchAction","target":{"@type":"EntryPoint","urlTemplate":"https:\/\/swssco.ch\/?s={search_term_string}"},"query-input":{"@type":"PropertyValueSpecification","valueRequired":true,"valueName":"search_term_string"}}],"inLanguage":"de-CH"},{"@type":"Organization","@id":"https:\/\/swssco.ch\/#organization","name":"Swssco","alternateName":"Swssco","url":"https:\/\/swssco.ch\/","logo":{"@type":"ImageObject","inLanguage":"de-CH","@id":"https:\/\/swssco.ch\/#\/schema\/logo\/image\/","url":"https:\/\/swssco.ch\/wp-content\/uploads\/2025\/03\/qqq-removebg-preview.png","contentUrl":"https:\/\/swssco.ch\/wp-content\/uploads\/2025\/03\/qqq-removebg-preview.png","width":400,"height":100,"caption":"Swssco"},"image":{"@id":"https:\/\/swssco.ch\/#\/schema\/logo\/image\/"},"sameAs":["https:\/\/www.facebook.com\/swssco.ch","https:\/\/www.linkedin.com\/company\/swssco-ch"],"description":"Our mission is to create a transparent, convenient, and reliable resource for finding and selecting Switzerland\u2019s top financial institutions. In doing so, we aim to provide you with a seamless experience, making it easier than ever to connect with trusted, leading financial experts. Furthermore, we are committed to offering comprehensive insights and guidance, ensuring you make informed decisions every step of the way.","email":"info@swssco.ch","legalName":"Swssco","foundingDate":"2022-12-07","numberOfEmployees":{"@type":"QuantitativeValue","minValue":"1","maxValue":"10"}}]}},"_links":{"self":[{"href":"https:\/\/swssco.ch\/de\/wp-json\/wp\/v2\/pages\/3870","targetHints":{"allow":["GET"]}}],"collection":[{"href":"https:\/\/swssco.ch\/de\/wp-json\/wp\/v2\/pages"}],"about":[{"href":"https:\/\/swssco.ch\/de\/wp-json\/wp\/v2\/types\/page"}],"author":[{"embeddable":true,"href":"https:\/\/swssco.ch\/de\/wp-json\/wp\/v2\/users\/1"}],"replies":[{"embeddable":true,"href":"https:\/\/swssco.ch\/de\/wp-json\/wp\/v2\/comments?post=3870"}],"version-history":[{"count":53,"href":"https:\/\/swssco.ch\/de\/wp-json\/wp\/v2\/pages\/3870\/revisions"}],"predecessor-version":[{"id":5408,"href":"https:\/\/swssco.ch\/de\/wp-json\/wp\/v2\/pages\/3870\/revisions\/5408"}],"wp:attachment":[{"href":"https:\/\/swssco.ch\/de\/wp-json\/wp\/v2\/media?parent=3870"}],"curies":[{"name":"wp","href":"https:\/\/api.w.org\/{rel}","templated":true}]}}