{"id":5331,"date":"2025-07-09T12:53:49","date_gmt":"2025-07-09T12:53:49","guid":{"rendered":"https:\/\/swssco.ch\/?page_id=5331"},"modified":"2025-07-09T13:05:31","modified_gmt":"2025-07-09T13:05:31","slug":"about-swssco","status":"publish","type":"page","link":"https:\/\/swssco.ch\/de\/about-swssco\/","title":{"rendered":"\u00dcber Swssco - Ihr Tor zu Swiss Wealth Excellence"},"content":{"rendered":"<figure class=\"wp-block-image size-large\"><img fetchpriority=\"high\" decoding=\"async\" width=\"1024\" height=\"576\" src=\"https:\/\/swssco.ch\/wp-content\/uploads\/2025\/07\/swssco-about-us-1024x576.webp\" alt=\"swssco \u00fcber uns\" class=\"wp-image-5332\" srcset=\"https:\/\/swssco.ch\/wp-content\/uploads\/2025\/07\/swssco-about-us-1024x576.webp 1024w, https:\/\/swssco.ch\/wp-content\/uploads\/2025\/07\/swssco-about-us-300x169.webp 300w, https:\/\/swssco.ch\/wp-content\/uploads\/2025\/07\/swssco-about-us-768x432.webp 768w, https:\/\/swssco.ch\/wp-content\/uploads\/2025\/07\/swssco-about-us-18x10.webp 18w, https:\/\/swssco.ch\/wp-content\/uploads\/2025\/07\/swssco-about-us-1067x600.webp 1067w, https:\/\/swssco.ch\/wp-content\/uploads\/2025\/07\/swssco-about-us-496x279.webp 496w, https:\/\/swssco.ch\/wp-content\/uploads\/2025\/07\/swssco-about-us.webp 1280w\" sizes=\"(max-width: 1024px) 100vw, 1024px\" \/><\/figure>\n\n\n\n<p>Swssco verbindet verm\u00f6gende Privatpersonen und Familien weltweit mit den vertrauensw\u00fcrdigsten Anbietern von Verm\u00f6gensverwaltung und -strukturierung in der Schweiz. Wir sind ein unsichtbarer, aber vertrauensw\u00fcrdiger Weg zu Private Placement Life Insurance (PPLI), Trusts, Private Banking und sicherer Lagerung von Gold auf h\u00f6chstem Niveau.<\/p>\n\n\n\n<h2 class=\"wp-block-heading\" id=\"h-our-mission\">Unser Auftrag<\/h2>\n\n\n\n<p>Unser Ziel ist es, einen ungehinderten Zugang zu erstklassigen Verm\u00f6gensstrukturierungsm\u00f6glichkeiten in der Schweiz zu bieten und alle Vorteile eines Landes zu nutzen, das f\u00fcr seine Stabilit\u00e4t, Rechtssicherheit und Diskretion bekannt ist. Au\u00dferdem wollen wir unseren Kunden das Vertrauen geben, ihr Verm\u00f6gen zu sch\u00fctzen, zu vermehren und zu \u00fcbertragen.<\/p>\n\n\n\n<h2 class=\"wp-block-heading\" id=\"h-our-vision\">Unsere Vision<\/h2>\n\n\n\n<p>Vor allem aber bieten wir einen transparenten und personalisierten Ansatz f\u00fcr die Verm\u00f6gensverwaltung \u00fcber eine intelligente digitale Plattform, die die Genauigkeit und Zuverl\u00e4ssigkeit der Schweiz widerspiegelt.<\/p>\n\n\n\n<h2 class=\"wp-block-heading\" id=\"h-who-we-are\">Wer wir sind<\/h2>\n\n\n\n<p>Swssco ist ein Wealth Hub mit Sitz in der Schweiz, der von Experten mit langj\u00e4hriger Erfahrung in den Bereichen Private Banking, Versicherungen und Verm\u00f6gensschutz gegr\u00fcndet wurde. Au\u00dferdem arbeiten wir nur mit zuverl\u00e4ssigen und ausgezeichneten lizenzierten Schweizer Unternehmen und Dienstleistern zusammen.<\/p>\n\n\n\n<h2 class=\"wp-block-heading\" id=\"h-what-we-offer\">Was wir anbieten<\/h2>\n\n\n\n<p><strong>Zugang zu Weltklasse-Anbietern: <\/strong>Direkter Zugang zu Elite-Privatbanken, Versicherungsunternehmen und Anw\u00e4lten in der Schweiz. <\/p>\n\n\n\n<p><strong>Umfassende Verm\u00f6gensberatung: <\/strong>Personalisierte Ans\u00e4tze f\u00fcr Verm\u00f6gensschutz, Nachlass- und Nachfolgeplanung, Steueroptimierung und Verm\u00f6genssteigerung. <\/p>\n\n\n\n<p><strong>Sichere Tresordienste: <\/strong>Bequemer Lagerraum f\u00fcr Gold und andere Verm\u00f6genswerte in den Freih\u00e4fen der Schweiz, die extrem sicher sind. <\/p>\n\n\n\n<p><strong>Entscheidungen unterst\u00fctzen: <\/strong>Vorschl\u00e4ge und Fachwissen, wie die Kunden vorgehen sollten.<\/p>\n\n\n\n<h2 class=\"wp-block-heading\" id=\"h-why-switzerland\">Warum die Schweiz?<\/h2>\n\n\n\n<p>Die Schweiz ist international f\u00fcr ihre politische Neutralit\u00e4t, ihre starken Finanzstrukturen und den Schutz der Privatsph\u00e4re bekannt. Diese Eigenschaften machen die Schweiz zum besten Ort, um nicht nur Verm\u00f6gen zu sch\u00fctzen, sondern auch Nachl\u00e4sse zu schaffen.<\/p>\n\n\n\n<h2 class=\"wp-block-heading\" id=\"h-our-commitment\">Unser Engagement<\/h2>\n\n\n\n<p>Diskretion, Transparenz und Integrit\u00e4t sind Werte, die wir in alle unsere Beziehungen einbringen. Swssco<a href=\"https:\/\/swssco.ch\/de\/\"> <\/a>ist nicht einfach ein <a href=\"https:\/\/swssco.ch\/de\/\">Verzeichnis <\/a>Aber es ist ein zuverl\u00e4ssiger Leitfaden, der Ihnen hilft, sich in der komplizierten Welt der Verm\u00f6gensverwaltung klar und sicher zurechtzufinden.<\/p>\n\n\n\n<h2 class=\"wp-block-heading\" id=\"h-meet-our-editor-serhii-baiev\">Treffen Sie unseren Redakteur - Serhii Baiev<\/h2>\n\n\n\n<p>Die redaktionellen Inhalte werden \u00fcberwacht von <a href=\"https:\/\/www.linkedin.com\/in\/segiybaev\/\">Serhii Baiev<\/a>Er verf\u00fcgt \u00fcber mehr als ein Jahrzehnt Erfahrung in der Kommunikation in den Bereichen Verm\u00f6gensverwaltung und Private Banking. Dank seines Engagements liefert Swssco aussagekr\u00e4ftige, zuverl\u00e4ssige und genaue Informationen f\u00fcr unsere Kunden und Partner.<\/p>\n\n\n\n<h2 class=\"wp-block-heading\">Kontaktieren Sie uns - Kooperationen &amp; gesponserte Praktika<\/h2>\n\n\n\n<p>Wenn Sie ein gesponsertes Praktikum oder eine andere Partnerschaft oder Zusammenarbeit w\u00fcnschen, nehmen Sie bitte Kontakt mit uns auf:<\/p>\n\n\n\n<p>E-Mail: <a href=\"mailto:info@swssco.ch\">info@swssco.ch<\/a><\/p>\n\n\n\n<p>F\u00fcr allgemeine Fragen oder Unterst\u00fctzung, die sich nicht auf diese Punkte beziehen, kontaktieren Sie uns bitte \u00fcber das Formular in dem entsprechenden Abschnitt unserer Website. Wir hoffen, dass wir gemeinsam mit Ihnen etwas unternehmen k\u00f6nnen.<\/p>","protected":false},"excerpt":{"rendered":"<p>Swssco connects high-net-worth individuals and families worldwide with Switzerland\u2019s most trusted wealth management and structuring providers. We are an invisible but trustworthy pathway to Private Placement Life Insurance (PPLI), trusts, private banking, and secure storage of gold at the highest level of financial services. Our Mission We aim to provide unencumbered access to top of [&hellip;]<\/p>","protected":false},"author":1,"featured_media":5332,"parent":0,"menu_order":0,"comment_status":"closed","ping_status":"closed","template":"","meta":{"content-type":"","_monsterinsights_skip_tracking":false,"_monsterinsights_sitenote_active":false,"_monsterinsights_sitenote_note":"","_monsterinsights_sitenote_category":0,"_uf_show_specific_survey":0,"_uf_disable_surveys":false,"footnotes":""},"class_list":["post-5331","page","type-page","status-publish","has-post-thumbnail","hentry"],"yoast_head":"<!-- This site is optimized with the Yoast SEO Premium plugin v24.6 (Yoast SEO v24.6) - https:\/\/yoast.com\/wordpress\/plugins\/seo\/ -->\n<title>Swssco About Us: Gateway to Swiss Wealth Excellence<\/title>\n<meta name=\"description\" content=\"Swssco About Us: Discover Switzerland\u2019s trusted gateway to elite wealth solutions, discreet, precise, and tailored for global HNW clients.\" \/>\n<meta name=\"robots\" content=\"index, follow, max-snippet:-1, max-image-preview:large, max-video-preview:-1\" \/>\n<link rel=\"canonical\" href=\"https:\/\/swssco.ch\/de\/about-swssco\/\" \/>\n<meta property=\"og:locale\" content=\"de_DE\" \/>\n<meta property=\"og:type\" content=\"article\" \/>\n<meta property=\"og:title\" content=\"About Swssco \u2014 Your Gateway to Swiss Wealth Excellence\" \/>\n<meta property=\"og:description\" content=\"Swssco About Us: Discover Switzerland\u2019s trusted gateway to elite wealth solutions, discreet, precise, and tailored for global HNW clients.\" \/>\n<meta property=\"og:url\" content=\"https:\/\/swssco.ch\/de\/about-swssco\/\" \/>\n<meta property=\"og:site_name\" content=\"Swssco\" \/>\n<meta property=\"article:publisher\" content=\"https:\/\/www.facebook.com\/swssco.ch\" \/>\n<meta property=\"article:modified_time\" content=\"2025-07-09T13:05:31+00:00\" \/>\n<meta property=\"og:image\" content=\"https:\/\/swssco.ch\/wp-content\/uploads\/2025\/07\/swssco-about-us.webp\" \/>\n\t<meta property=\"og:image:width\" content=\"1280\" \/>\n\t<meta property=\"og:image:height\" content=\"720\" \/>\n\t<meta property=\"og:image:type\" content=\"image\/webp\" \/>\n<meta name=\"twitter:card\" content=\"summary_large_image\" \/>\n<meta name=\"twitter:label1\" content=\"Gesch\u00e4tzte Lesezeit\" \/>\n\t<meta name=\"twitter:data1\" content=\"3\u00a0Minuten\" \/>\n<script type=\"application\/ld+json\" class=\"yoast-schema-graph\">{\"@context\":\"https:\/\/schema.org\",\"@graph\":[{\"@type\":\"WebPage\",\"@id\":\"https:\/\/swssco.ch\/about-swssco\/\",\"url\":\"https:\/\/swssco.ch\/about-swssco\/\",\"name\":\"Swssco About Us: Gateway to Swiss Wealth Excellence\",\"isPartOf\":{\"@id\":\"https:\/\/swssco.ch\/#website\"},\"primaryImageOfPage\":{\"@id\":\"https:\/\/swssco.ch\/about-swssco\/#primaryimage\"},\"image\":{\"@id\":\"https:\/\/swssco.ch\/about-swssco\/#primaryimage\"},\"thumbnailUrl\":\"https:\/\/swssco.ch\/wp-content\/uploads\/2025\/07\/swssco-about-us.webp\",\"datePublished\":\"2025-07-09T12:53:49+00:00\",\"dateModified\":\"2025-07-09T13:05:31+00:00\",\"description\":\"Swssco About Us: Discover Switzerland\u2019s trusted gateway to elite wealth solutions, discreet, precise, and tailored for global HNW clients.\",\"breadcrumb\":{\"@id\":\"https:\/\/swssco.ch\/about-swssco\/#breadcrumb\"},\"inLanguage\":\"de-CH\",\"potentialAction\":[{\"@type\":\"ReadAction\",\"target\":[\"https:\/\/swssco.ch\/about-swssco\/\"]}]},{\"@type\":\"ImageObject\",\"inLanguage\":\"de-CH\",\"@id\":\"https:\/\/swssco.ch\/about-swssco\/#primaryimage\",\"url\":\"https:\/\/swssco.ch\/wp-content\/uploads\/2025\/07\/swssco-about-us.webp\",\"contentUrl\":\"https:\/\/swssco.ch\/wp-content\/uploads\/2025\/07\/swssco-about-us.webp\",\"width\":1280,\"height\":720,\"caption\":\"swssco about us\"},{\"@type\":\"BreadcrumbList\",\"@id\":\"https:\/\/swssco.ch\/about-swssco\/#breadcrumb\",\"itemListElement\":[{\"@type\":\"ListItem\",\"position\":1,\"name\":\"Home\",\"item\":\"https:\/\/swssco.ch\/\"},{\"@type\":\"ListItem\",\"position\":2,\"name\":\"About Swssco \u2014 Your Gateway to Swiss Wealth Excellence\"}]},{\"@type\":\"WebSite\",\"@id\":\"https:\/\/swssco.ch\/#website\",\"url\":\"https:\/\/swssco.ch\/\",\"name\":\"Swssco\",\"description\":\"Swiss Wealth Hub\",\"publisher\":{\"@id\":\"https:\/\/swssco.ch\/#organization\"},\"alternateName\":\"Wealth & Asset Management Directory\",\"potentialAction\":[{\"@type\":\"SearchAction\",\"target\":{\"@type\":\"EntryPoint\",\"urlTemplate\":\"https:\/\/swssco.ch\/?s={search_term_string}\"},\"query-input\":{\"@type\":\"PropertyValueSpecification\",\"valueRequired\":true,\"valueName\":\"search_term_string\"}}],\"inLanguage\":\"de-CH\"},{\"@type\":\"Organization\",\"@id\":\"https:\/\/swssco.ch\/#organization\",\"name\":\"Swssco\",\"alternateName\":\"Swssco\",\"url\":\"https:\/\/swssco.ch\/\",\"logo\":{\"@type\":\"ImageObject\",\"inLanguage\":\"de-CH\",\"@id\":\"https:\/\/swssco.ch\/#\/schema\/logo\/image\/\",\"url\":\"https:\/\/swssco.ch\/wp-content\/uploads\/2025\/03\/qqq-removebg-preview.png\",\"contentUrl\":\"https:\/\/swssco.ch\/wp-content\/uploads\/2025\/03\/qqq-removebg-preview.png\",\"width\":400,\"height\":100,\"caption\":\"Swssco\"},\"image\":{\"@id\":\"https:\/\/swssco.ch\/#\/schema\/logo\/image\/\"},\"sameAs\":[\"https:\/\/www.facebook.com\/swssco.ch\",\"https:\/\/www.linkedin.com\/company\/swssco-ch\"],\"description\":\"Our mission is to create a transparent, convenient, and reliable resource for finding and selecting Switzerland\u2019s top financial institutions. In doing so, we aim to provide you with a seamless experience, making it easier than ever to connect with trusted, leading financial experts. Furthermore, we are committed to offering comprehensive insights and guidance, ensuring you make informed decisions every step of the way.\",\"email\":\"info@swssco.ch\",\"legalName\":\"Swssco\",\"foundingDate\":\"2022-12-07\",\"numberOfEmployees\":{\"@type\":\"QuantitativeValue\",\"minValue\":\"1\",\"maxValue\":\"10\"}}]}<\/script>\n<!-- \/ Yoast SEO Premium plugin. -->","yoast_head_json":{"title":"Swssco About Us: Gateway to Swiss Wealth Excellence","description":"Swssco About Us: Discover Switzerland\u2019s trusted gateway to elite wealth solutions, discreet, precise, and tailored for global HNW clients.","robots":{"index":"index","follow":"follow","max-snippet":"max-snippet:-1","max-image-preview":"max-image-preview:large","max-video-preview":"max-video-preview:-1"},"canonical":"https:\/\/swssco.ch\/de\/about-swssco\/","og_locale":"de_DE","og_type":"article","og_title":"About Swssco \u2014 Your Gateway to Swiss Wealth Excellence","og_description":"Swssco About Us: Discover Switzerland\u2019s trusted gateway to elite wealth solutions, discreet, precise, and tailored for global HNW clients.","og_url":"https:\/\/swssco.ch\/de\/about-swssco\/","og_site_name":"Swssco","article_publisher":"https:\/\/www.facebook.com\/swssco.ch","article_modified_time":"2025-07-09T13:05:31+00:00","og_image":[{"width":1280,"height":720,"url":"https:\/\/swssco.ch\/wp-content\/uploads\/2025\/07\/swssco-about-us.webp","type":"image\/webp"}],"twitter_card":"summary_large_image","twitter_misc":{"Gesch\u00e4tzte Lesezeit":"3\u00a0Minuten"},"schema":{"@context":"https:\/\/schema.org","@graph":[{"@type":"WebPage","@id":"https:\/\/swssco.ch\/about-swssco\/","url":"https:\/\/swssco.ch\/about-swssco\/","name":"Swssco About Us: Gateway to Swiss Wealth Excellence","isPartOf":{"@id":"https:\/\/swssco.ch\/#website"},"primaryImageOfPage":{"@id":"https:\/\/swssco.ch\/about-swssco\/#primaryimage"},"image":{"@id":"https:\/\/swssco.ch\/about-swssco\/#primaryimage"},"thumbnailUrl":"https:\/\/swssco.ch\/wp-content\/uploads\/2025\/07\/swssco-about-us.webp","datePublished":"2025-07-09T12:53:49+00:00","dateModified":"2025-07-09T13:05:31+00:00","description":"Swssco About Us: Discover Switzerland\u2019s trusted gateway to elite wealth solutions, discreet, precise, and tailored for global HNW clients.","breadcrumb":{"@id":"https:\/\/swssco.ch\/about-swssco\/#breadcrumb"},"inLanguage":"de-CH","potentialAction":[{"@type":"ReadAction","target":["https:\/\/swssco.ch\/about-swssco\/"]}]},{"@type":"ImageObject","inLanguage":"de-CH","@id":"https:\/\/swssco.ch\/about-swssco\/#primaryimage","url":"https:\/\/swssco.ch\/wp-content\/uploads\/2025\/07\/swssco-about-us.webp","contentUrl":"https:\/\/swssco.ch\/wp-content\/uploads\/2025\/07\/swssco-about-us.webp","width":1280,"height":720,"caption":"swssco about us"},{"@type":"BreadcrumbList","@id":"https:\/\/swssco.ch\/about-swssco\/#breadcrumb","itemListElement":[{"@type":"ListItem","position":1,"name":"Home","item":"https:\/\/swssco.ch\/"},{"@type":"ListItem","position":2,"name":"About Swssco \u2014 Your Gateway to Swiss Wealth Excellence"}]},{"@type":"WebSite","@id":"https:\/\/swssco.ch\/#website","url":"https:\/\/swssco.ch\/","name":"Swssco","description":"Swiss Wealth Hub","publisher":{"@id":"https:\/\/swssco.ch\/#organization"},"alternateName":"Wealth & Asset Management Directory","potentialAction":[{"@type":"SearchAction","target":{"@type":"EntryPoint","urlTemplate":"https:\/\/swssco.ch\/?s={search_term_string}"},"query-input":{"@type":"PropertyValueSpecification","valueRequired":true,"valueName":"search_term_string"}}],"inLanguage":"de-CH"},{"@type":"Organization","@id":"https:\/\/swssco.ch\/#organization","name":"Swssco","alternateName":"Swssco","url":"https:\/\/swssco.ch\/","logo":{"@type":"ImageObject","inLanguage":"de-CH","@id":"https:\/\/swssco.ch\/#\/schema\/logo\/image\/","url":"https:\/\/swssco.ch\/wp-content\/uploads\/2025\/03\/qqq-removebg-preview.png","contentUrl":"https:\/\/swssco.ch\/wp-content\/uploads\/2025\/03\/qqq-removebg-preview.png","width":400,"height":100,"caption":"Swssco"},"image":{"@id":"https:\/\/swssco.ch\/#\/schema\/logo\/image\/"},"sameAs":["https:\/\/www.facebook.com\/swssco.ch","https:\/\/www.linkedin.com\/company\/swssco-ch"],"description":"Our mission is to create a transparent, convenient, and reliable resource for finding and selecting Switzerland\u2019s top financial institutions. In doing so, we aim to provide you with a seamless experience, making it easier than ever to connect with trusted, leading financial experts. Furthermore, we are committed to offering comprehensive insights and guidance, ensuring you make informed decisions every step of the way.","email":"info@swssco.ch","legalName":"Swssco","foundingDate":"2022-12-07","numberOfEmployees":{"@type":"QuantitativeValue","minValue":"1","maxValue":"10"}}]}},"_links":{"self":[{"href":"https:\/\/swssco.ch\/de\/wp-json\/wp\/v2\/pages\/5331","targetHints":{"allow":["GET"]}}],"collection":[{"href":"https:\/\/swssco.ch\/de\/wp-json\/wp\/v2\/pages"}],"about":[{"href":"https:\/\/swssco.ch\/de\/wp-json\/wp\/v2\/types\/page"}],"author":[{"embeddable":true,"href":"https:\/\/swssco.ch\/de\/wp-json\/wp\/v2\/users\/1"}],"replies":[{"embeddable":true,"href":"https:\/\/swssco.ch\/de\/wp-json\/wp\/v2\/comments?post=5331"}],"version-history":[{"count":8,"href":"https:\/\/swssco.ch\/de\/wp-json\/wp\/v2\/pages\/5331\/revisions"}],"predecessor-version":[{"id":5343,"href":"https:\/\/swssco.ch\/de\/wp-json\/wp\/v2\/pages\/5331\/revisions\/5343"}],"wp:featuredmedia":[{"embeddable":true,"href":"https:\/\/swssco.ch\/de\/wp-json\/wp\/v2\/media\/5332"}],"wp:attachment":[{"href":"https:\/\/swssco.ch\/de\/wp-json\/wp\/v2\/media?parent=5331"}],"curies":[{"name":"wp","href":"https:\/\/api.w.org\/{rel}","templated":true}]}}