{"id":5331,"date":"2025-07-09T12:53:49","date_gmt":"2025-07-09T12:53:49","guid":{"rendered":"https:\/\/swssco.ch\/?page_id=5331"},"modified":"2025-07-09T13:05:31","modified_gmt":"2025-07-09T13:05:31","slug":"about-swssco","status":"publish","type":"page","link":"https:\/\/swssco.ch\/fr\/about-swssco\/","title":{"rendered":"A propos de Swssco - Votre portail vers l'excellence patrimoniale suisse"},"content":{"rendered":"<figure class=\"wp-block-image size-large\"><img fetchpriority=\"high\" decoding=\"async\" width=\"1024\" height=\"576\" src=\"https:\/\/swssco.ch\/wp-content\/uploads\/2025\/07\/swssco-about-us-1024x576.webp\" alt=\"swssco \u00e0 propos de nous\" class=\"wp-image-5332\" srcset=\"https:\/\/swssco.ch\/wp-content\/uploads\/2025\/07\/swssco-about-us-1024x576.webp 1024w, https:\/\/swssco.ch\/wp-content\/uploads\/2025\/07\/swssco-about-us-300x169.webp 300w, https:\/\/swssco.ch\/wp-content\/uploads\/2025\/07\/swssco-about-us-768x432.webp 768w, https:\/\/swssco.ch\/wp-content\/uploads\/2025\/07\/swssco-about-us-18x10.webp 18w, https:\/\/swssco.ch\/wp-content\/uploads\/2025\/07\/swssco-about-us-1067x600.webp 1067w, https:\/\/swssco.ch\/wp-content\/uploads\/2025\/07\/swssco-about-us-496x279.webp 496w, https:\/\/swssco.ch\/wp-content\/uploads\/2025\/07\/swssco-about-us.webp 1280w\" sizes=\"(max-width: 1024px) 100vw, 1024px\" \/><\/figure>\n\n\n\n<p>Swssco met en relation les particuliers et les familles fortun\u00e9s du monde entier avec les prestataires de services de gestion et de structuration de patrimoine les plus fiables de Suisse. Nous sommes une voie invisible mais digne de confiance vers l'assurance-vie en placement priv\u00e9 (PPLI), les trusts, la banque priv\u00e9e et le stockage s\u00e9curis\u00e9 de l'or au plus haut niveau des services financiers.<\/p>\n\n\n\n<h2 class=\"wp-block-heading\" id=\"h-our-mission\">Notre mission<\/h2>\n\n\n\n<p>Notre objectif est d'offrir un acc\u00e8s sans entrave aux meilleures opportunit\u00e9s de structuration de patrimoine en Suisse et tous les avantages d'op\u00e9rer \u00e0 partir d'un pays connu pour sa stabilit\u00e9, sa s\u00e9curit\u00e9 juridique et sa discr\u00e9tion. Nous cherchons \u00e9galement \u00e0 donner \u00e0 nos clients la confiance n\u00e9cessaire pour prot\u00e9ger, faire fructifier et transf\u00e9rer leur patrimoine.<\/p>\n\n\n\n<h2 class=\"wp-block-heading\" id=\"h-our-vision\">Notre vision<\/h2>\n\n\n\n<p>Avant tout, nous offrons une approche transparente et personnalis\u00e9e de la gestion de patrimoine par le biais d'une plateforme num\u00e9rique intelligente qui refl\u00e8te la pr\u00e9cision et la fiabilit\u00e9 synonymes de la Suisse.<\/p>\n\n\n\n<h2 class=\"wp-block-heading\" id=\"h-who-we-are\">Qui sommes-nous ?<\/h2>\n\n\n\n<p>Swssco est un centre de gestion de fortune bas\u00e9 en Suisse et mis en place par des experts ayant une longue exp\u00e9rience dans les domaines de la banque priv\u00e9e, de l'assurance et de la protection des actifs. En outre, nous ne travaillons qu'avec des entit\u00e9s et des prestataires de services suisses fiables et disposant d'une excellente licence.<\/p>\n\n\n\n<h2 class=\"wp-block-heading\" id=\"h-what-we-offer\">Ce que nous offrons<\/h2>\n\n\n\n<p><strong>Acc\u00e8s \u00e0 des prestataires de classe mondiale : <\/strong>Acc\u00e8s direct \u00e0 l'\u00e9lite des banques priv\u00e9es, des compagnies d'assurance et des avocats en Suisse. <\/p>\n\n\n\n<p><strong>Conseil global en mati\u00e8re de patrimoine : <\/strong>Approches personnalis\u00e9es de la protection des biens, de la planification successorale, de l'optimisation fiscale et de la valorisation du patrimoine. <\/p>\n\n\n\n<p><strong>Services de mise en vo\u00fbte s\u00e9curis\u00e9e : <\/strong>Espace de stockage pratique pour l'or et d'autres actifs dans les ports francs de Suisse, qui sont extr\u00eamement s\u00fbrs. <\/p>\n\n\n\n<p><strong>Soutien aux d\u00e9cisions : <\/strong>Suggestions et expertise sur la mani\u00e8re dont les clients doivent proc\u00e9der.<\/p>\n\n\n\n<h2 class=\"wp-block-heading\" id=\"h-why-switzerland\">Pourquoi la Suisse ?<\/h2>\n\n\n\n<p>La r\u00e9putation de la Suisse en mati\u00e8re de neutralit\u00e9 politique, de structures financi\u00e8res solides et de protection de la vie priv\u00e9e est de renomm\u00e9e internationale. Ces attributs en font la meilleure juridiction non seulement pour prot\u00e9ger la richesse, mais aussi pour cr\u00e9er des h\u00e9ritages.<\/p>\n\n\n\n<h2 class=\"wp-block-heading\" id=\"h-our-commitment\">Notre engagement<\/h2>\n\n\n\n<p>La discr\u00e9tion, la transparence et l'int\u00e9grit\u00e9 sont des valeurs que nous appliquons \u00e0 toutes nos relations. Swssco<a href=\"https:\/\/swssco.ch\/fr\/\"> <\/a>n'est pas simplement un <a href=\"https:\/\/swssco.ch\/fr\/\">r\u00e9pertoire <\/a>mais c'est un guide de confiance qui vous aidera \u00e0 naviguer dans le monde complexe des options de gestion de patrimoine avec clart\u00e9 et confiance.<\/p>\n\n\n\n<h2 class=\"wp-block-heading\" id=\"h-meet-our-editor-serhii-baiev\">Rencontrez notre r\u00e9dacteur en chef - Serhii Baiev<\/h2>\n\n\n\n<p>Le contenu \u00e9dit\u00e9 est supervis\u00e9 par <a href=\"https:\/\/www.linkedin.com\/in\/segiybaev\/\">Serhii Baiev<\/a>qui poss\u00e8de plus d'une d\u00e9cennie d'exp\u00e9rience en communication dans le domaine de la gestion de patrimoine et de la banque priv\u00e9e. Gr\u00e2ce \u00e0 son engagement, Swssco fournit des informations pertinentes, fiables et pr\u00e9cises \u00e0 ses clients et partenaires.<\/p>\n\n\n\n<h2 class=\"wp-block-heading\">Contactez-nous - Collaborations et placements parrain\u00e9s<\/h2>\n\n\n\n<p>Pour demander un placement sponsoris\u00e9 ou un autre partenariat ou collaboration, veuillez nous contacter :<\/p>\n\n\n\n<p>E-mail : <a href=\"mailto:info@swssco.ch\">info@swssco.ch<\/a><\/p>\n\n\n\n<p>Pour des questions d'ordre g\u00e9n\u00e9ral ou une assistance non li\u00e9e \u00e0 ces articles, veuillez nous contacter en remplissant le formulaire figurant dans la section appropri\u00e9e de notre site web. Nous esp\u00e9rons faire quelque chose avec vous.<\/p>","protected":false},"excerpt":{"rendered":"<p>Swssco connects high-net-worth individuals and families worldwide with Switzerland\u2019s most trusted wealth management and structuring providers. We are an invisible but trustworthy pathway to Private Placement Life Insurance (PPLI), trusts, private banking, and secure storage of gold at the highest level of financial services. Our Mission We aim to provide unencumbered access to top of [&hellip;]<\/p>","protected":false},"author":1,"featured_media":5332,"parent":0,"menu_order":0,"comment_status":"closed","ping_status":"closed","template":"","meta":{"content-type":"","_monsterinsights_skip_tracking":false,"_monsterinsights_sitenote_active":false,"_monsterinsights_sitenote_note":"","_monsterinsights_sitenote_category":0,"_uf_show_specific_survey":0,"_uf_disable_surveys":false,"footnotes":""},"class_list":["post-5331","page","type-page","status-publish","has-post-thumbnail","hentry"],"yoast_head":"<!-- This site is optimized with the Yoast SEO Premium plugin v24.6 (Yoast SEO v24.6) - https:\/\/yoast.com\/wordpress\/plugins\/seo\/ -->\n<title>Swssco About Us: Gateway to Swiss Wealth Excellence<\/title>\n<meta name=\"description\" content=\"Swssco About Us: Discover Switzerland\u2019s trusted gateway to elite wealth solutions, discreet, precise, and tailored for global HNW clients.\" \/>\n<meta name=\"robots\" content=\"index, follow, max-snippet:-1, max-image-preview:large, max-video-preview:-1\" \/>\n<link rel=\"canonical\" href=\"https:\/\/swssco.ch\/fr\/about-swssco\/\" \/>\n<meta property=\"og:locale\" content=\"fr_FR\" \/>\n<meta property=\"og:type\" content=\"article\" \/>\n<meta property=\"og:title\" content=\"About Swssco \u2014 Your Gateway to Swiss Wealth Excellence\" \/>\n<meta property=\"og:description\" content=\"Swssco About Us: Discover Switzerland\u2019s trusted gateway to elite wealth solutions, discreet, precise, and tailored for global HNW clients.\" \/>\n<meta property=\"og:url\" content=\"https:\/\/swssco.ch\/fr\/about-swssco\/\" \/>\n<meta property=\"og:site_name\" content=\"Swssco\" \/>\n<meta property=\"article:publisher\" content=\"https:\/\/www.facebook.com\/swssco.ch\" \/>\n<meta property=\"article:modified_time\" content=\"2025-07-09T13:05:31+00:00\" \/>\n<meta property=\"og:image\" content=\"https:\/\/swssco.ch\/wp-content\/uploads\/2025\/07\/swssco-about-us.webp\" \/>\n\t<meta property=\"og:image:width\" content=\"1280\" \/>\n\t<meta property=\"og:image:height\" content=\"720\" \/>\n\t<meta property=\"og:image:type\" content=\"image\/webp\" \/>\n<meta name=\"twitter:card\" content=\"summary_large_image\" \/>\n<meta name=\"twitter:label1\" content=\"Dur\u00e9e de lecture estim\u00e9e\" \/>\n\t<meta name=\"twitter:data1\" content=\"3 minutes\" \/>\n<script type=\"application\/ld+json\" class=\"yoast-schema-graph\">{\"@context\":\"https:\/\/schema.org\",\"@graph\":[{\"@type\":\"WebPage\",\"@id\":\"https:\/\/swssco.ch\/about-swssco\/\",\"url\":\"https:\/\/swssco.ch\/about-swssco\/\",\"name\":\"Swssco About Us: Gateway to Swiss Wealth Excellence\",\"isPartOf\":{\"@id\":\"https:\/\/swssco.ch\/#website\"},\"primaryImageOfPage\":{\"@id\":\"https:\/\/swssco.ch\/about-swssco\/#primaryimage\"},\"image\":{\"@id\":\"https:\/\/swssco.ch\/about-swssco\/#primaryimage\"},\"thumbnailUrl\":\"https:\/\/swssco.ch\/wp-content\/uploads\/2025\/07\/swssco-about-us.webp\",\"datePublished\":\"2025-07-09T12:53:49+00:00\",\"dateModified\":\"2025-07-09T13:05:31+00:00\",\"description\":\"Swssco About Us: Discover Switzerland\u2019s trusted gateway to elite wealth solutions, discreet, precise, and tailored for global HNW clients.\",\"breadcrumb\":{\"@id\":\"https:\/\/swssco.ch\/about-swssco\/#breadcrumb\"},\"inLanguage\":\"fr-FR\",\"potentialAction\":[{\"@type\":\"ReadAction\",\"target\":[\"https:\/\/swssco.ch\/about-swssco\/\"]}]},{\"@type\":\"ImageObject\",\"inLanguage\":\"fr-FR\",\"@id\":\"https:\/\/swssco.ch\/about-swssco\/#primaryimage\",\"url\":\"https:\/\/swssco.ch\/wp-content\/uploads\/2025\/07\/swssco-about-us.webp\",\"contentUrl\":\"https:\/\/swssco.ch\/wp-content\/uploads\/2025\/07\/swssco-about-us.webp\",\"width\":1280,\"height\":720,\"caption\":\"swssco about us\"},{\"@type\":\"BreadcrumbList\",\"@id\":\"https:\/\/swssco.ch\/about-swssco\/#breadcrumb\",\"itemListElement\":[{\"@type\":\"ListItem\",\"position\":1,\"name\":\"Home\",\"item\":\"https:\/\/swssco.ch\/\"},{\"@type\":\"ListItem\",\"position\":2,\"name\":\"About Swssco \u2014 Your Gateway to Swiss Wealth Excellence\"}]},{\"@type\":\"WebSite\",\"@id\":\"https:\/\/swssco.ch\/#website\",\"url\":\"https:\/\/swssco.ch\/\",\"name\":\"Swssco\",\"description\":\"Swiss Wealth Hub\",\"publisher\":{\"@id\":\"https:\/\/swssco.ch\/#organization\"},\"alternateName\":\"Wealth & Asset Management Directory\",\"potentialAction\":[{\"@type\":\"SearchAction\",\"target\":{\"@type\":\"EntryPoint\",\"urlTemplate\":\"https:\/\/swssco.ch\/?s={search_term_string}\"},\"query-input\":{\"@type\":\"PropertyValueSpecification\",\"valueRequired\":true,\"valueName\":\"search_term_string\"}}],\"inLanguage\":\"fr-FR\"},{\"@type\":\"Organization\",\"@id\":\"https:\/\/swssco.ch\/#organization\",\"name\":\"Swssco\",\"alternateName\":\"Swssco\",\"url\":\"https:\/\/swssco.ch\/\",\"logo\":{\"@type\":\"ImageObject\",\"inLanguage\":\"fr-FR\",\"@id\":\"https:\/\/swssco.ch\/#\/schema\/logo\/image\/\",\"url\":\"https:\/\/swssco.ch\/wp-content\/uploads\/2025\/03\/qqq-removebg-preview.png\",\"contentUrl\":\"https:\/\/swssco.ch\/wp-content\/uploads\/2025\/03\/qqq-removebg-preview.png\",\"width\":400,\"height\":100,\"caption\":\"Swssco\"},\"image\":{\"@id\":\"https:\/\/swssco.ch\/#\/schema\/logo\/image\/\"},\"sameAs\":[\"https:\/\/www.facebook.com\/swssco.ch\",\"https:\/\/www.linkedin.com\/company\/swssco-ch\"],\"description\":\"Our mission is to create a transparent, convenient, and reliable resource for finding and selecting Switzerland\u2019s top financial institutions. In doing so, we aim to provide you with a seamless experience, making it easier than ever to connect with trusted, leading financial experts. Furthermore, we are committed to offering comprehensive insights and guidance, ensuring you make informed decisions every step of the way.\",\"email\":\"info@swssco.ch\",\"legalName\":\"Swssco\",\"foundingDate\":\"2022-12-07\",\"numberOfEmployees\":{\"@type\":\"QuantitativeValue\",\"minValue\":\"1\",\"maxValue\":\"10\"}}]}<\/script>\n<!-- \/ Yoast SEO Premium plugin. -->","yoast_head_json":{"title":"Swssco About Us: Gateway to Swiss Wealth Excellence","description":"Swssco About Us: Discover Switzerland\u2019s trusted gateway to elite wealth solutions, discreet, precise, and tailored for global HNW clients.","robots":{"index":"index","follow":"follow","max-snippet":"max-snippet:-1","max-image-preview":"max-image-preview:large","max-video-preview":"max-video-preview:-1"},"canonical":"https:\/\/swssco.ch\/fr\/about-swssco\/","og_locale":"fr_FR","og_type":"article","og_title":"About Swssco \u2014 Your Gateway to Swiss Wealth Excellence","og_description":"Swssco About Us: Discover Switzerland\u2019s trusted gateway to elite wealth solutions, discreet, precise, and tailored for global HNW clients.","og_url":"https:\/\/swssco.ch\/fr\/about-swssco\/","og_site_name":"Swssco","article_publisher":"https:\/\/www.facebook.com\/swssco.ch","article_modified_time":"2025-07-09T13:05:31+00:00","og_image":[{"width":1280,"height":720,"url":"https:\/\/swssco.ch\/wp-content\/uploads\/2025\/07\/swssco-about-us.webp","type":"image\/webp"}],"twitter_card":"summary_large_image","twitter_misc":{"Dur\u00e9e de lecture estim\u00e9e":"3 minutes"},"schema":{"@context":"https:\/\/schema.org","@graph":[{"@type":"WebPage","@id":"https:\/\/swssco.ch\/about-swssco\/","url":"https:\/\/swssco.ch\/about-swssco\/","name":"Swssco About Us: Gateway to Swiss Wealth Excellence","isPartOf":{"@id":"https:\/\/swssco.ch\/#website"},"primaryImageOfPage":{"@id":"https:\/\/swssco.ch\/about-swssco\/#primaryimage"},"image":{"@id":"https:\/\/swssco.ch\/about-swssco\/#primaryimage"},"thumbnailUrl":"https:\/\/swssco.ch\/wp-content\/uploads\/2025\/07\/swssco-about-us.webp","datePublished":"2025-07-09T12:53:49+00:00","dateModified":"2025-07-09T13:05:31+00:00","description":"Swssco About Us: Discover Switzerland\u2019s trusted gateway to elite wealth solutions, discreet, precise, and tailored for global HNW clients.","breadcrumb":{"@id":"https:\/\/swssco.ch\/about-swssco\/#breadcrumb"},"inLanguage":"fr-FR","potentialAction":[{"@type":"ReadAction","target":["https:\/\/swssco.ch\/about-swssco\/"]}]},{"@type":"ImageObject","inLanguage":"fr-FR","@id":"https:\/\/swssco.ch\/about-swssco\/#primaryimage","url":"https:\/\/swssco.ch\/wp-content\/uploads\/2025\/07\/swssco-about-us.webp","contentUrl":"https:\/\/swssco.ch\/wp-content\/uploads\/2025\/07\/swssco-about-us.webp","width":1280,"height":720,"caption":"swssco about us"},{"@type":"BreadcrumbList","@id":"https:\/\/swssco.ch\/about-swssco\/#breadcrumb","itemListElement":[{"@type":"ListItem","position":1,"name":"Home","item":"https:\/\/swssco.ch\/"},{"@type":"ListItem","position":2,"name":"About Swssco \u2014 Your Gateway to Swiss Wealth Excellence"}]},{"@type":"WebSite","@id":"https:\/\/swssco.ch\/#website","url":"https:\/\/swssco.ch\/","name":"Swssco","description":"Swiss Wealth Hub","publisher":{"@id":"https:\/\/swssco.ch\/#organization"},"alternateName":"Wealth & Asset Management Directory","potentialAction":[{"@type":"SearchAction","target":{"@type":"EntryPoint","urlTemplate":"https:\/\/swssco.ch\/?s={search_term_string}"},"query-input":{"@type":"PropertyValueSpecification","valueRequired":true,"valueName":"search_term_string"}}],"inLanguage":"fr-FR"},{"@type":"Organization","@id":"https:\/\/swssco.ch\/#organization","name":"Swssco","alternateName":"Swssco","url":"https:\/\/swssco.ch\/","logo":{"@type":"ImageObject","inLanguage":"fr-FR","@id":"https:\/\/swssco.ch\/#\/schema\/logo\/image\/","url":"https:\/\/swssco.ch\/wp-content\/uploads\/2025\/03\/qqq-removebg-preview.png","contentUrl":"https:\/\/swssco.ch\/wp-content\/uploads\/2025\/03\/qqq-removebg-preview.png","width":400,"height":100,"caption":"Swssco"},"image":{"@id":"https:\/\/swssco.ch\/#\/schema\/logo\/image\/"},"sameAs":["https:\/\/www.facebook.com\/swssco.ch","https:\/\/www.linkedin.com\/company\/swssco-ch"],"description":"Our mission is to create a transparent, convenient, and reliable resource for finding and selecting Switzerland\u2019s top financial institutions. In doing so, we aim to provide you with a seamless experience, making it easier than ever to connect with trusted, leading financial experts. Furthermore, we are committed to offering comprehensive insights and guidance, ensuring you make informed decisions every step of the way.","email":"info@swssco.ch","legalName":"Swssco","foundingDate":"2022-12-07","numberOfEmployees":{"@type":"QuantitativeValue","minValue":"1","maxValue":"10"}}]}},"_links":{"self":[{"href":"https:\/\/swssco.ch\/fr\/wp-json\/wp\/v2\/pages\/5331","targetHints":{"allow":["GET"]}}],"collection":[{"href":"https:\/\/swssco.ch\/fr\/wp-json\/wp\/v2\/pages"}],"about":[{"href":"https:\/\/swssco.ch\/fr\/wp-json\/wp\/v2\/types\/page"}],"author":[{"embeddable":true,"href":"https:\/\/swssco.ch\/fr\/wp-json\/wp\/v2\/users\/1"}],"replies":[{"embeddable":true,"href":"https:\/\/swssco.ch\/fr\/wp-json\/wp\/v2\/comments?post=5331"}],"version-history":[{"count":8,"href":"https:\/\/swssco.ch\/fr\/wp-json\/wp\/v2\/pages\/5331\/revisions"}],"predecessor-version":[{"id":5343,"href":"https:\/\/swssco.ch\/fr\/wp-json\/wp\/v2\/pages\/5331\/revisions\/5343"}],"wp:featuredmedia":[{"embeddable":true,"href":"https:\/\/swssco.ch\/fr\/wp-json\/wp\/v2\/media\/5332"}],"wp:attachment":[{"href":"https:\/\/swssco.ch\/fr\/wp-json\/wp\/v2\/media?parent=5331"}],"curies":[{"name":"wp","href":"https:\/\/api.w.org\/{rel}","templated":true}]}}