{"id":5331,"date":"2025-07-09T12:53:49","date_gmt":"2025-07-09T12:53:49","guid":{"rendered":"https:\/\/swssco.ch\/?page_id=5331"},"modified":"2025-07-09T13:05:31","modified_gmt":"2025-07-09T13:05:31","slug":"about-swssco","status":"publish","type":"page","link":"https:\/\/swssco.ch\/it\/about-swssco\/","title":{"rendered":"Informazioni su Swssco - La vostra porta d'accesso all'eccellenza della ricchezza svizzera"},"content":{"rendered":"<figure class=\"wp-block-image size-large\"><img fetchpriority=\"high\" decoding=\"async\" width=\"1024\" height=\"576\" src=\"https:\/\/swssco.ch\/wp-content\/uploads\/2025\/07\/swssco-about-us-1024x576.webp\" alt=\"swssco chi siamo\" class=\"wp-image-5332\" srcset=\"https:\/\/swssco.ch\/wp-content\/uploads\/2025\/07\/swssco-about-us-1024x576.webp 1024w, https:\/\/swssco.ch\/wp-content\/uploads\/2025\/07\/swssco-about-us-300x169.webp 300w, https:\/\/swssco.ch\/wp-content\/uploads\/2025\/07\/swssco-about-us-768x432.webp 768w, https:\/\/swssco.ch\/wp-content\/uploads\/2025\/07\/swssco-about-us-18x10.webp 18w, https:\/\/swssco.ch\/wp-content\/uploads\/2025\/07\/swssco-about-us-1067x600.webp 1067w, https:\/\/swssco.ch\/wp-content\/uploads\/2025\/07\/swssco-about-us-496x279.webp 496w, https:\/\/swssco.ch\/wp-content\/uploads\/2025\/07\/swssco-about-us.webp 1280w\" sizes=\"(max-width: 1024px) 100vw, 1024px\" \/><\/figure>\n\n\n\n<p>Swssco mette in contatto individui e famiglie con un patrimonio elevato in tutto il mondo con i fornitori di gestione e strutturazione patrimoniale pi\u00f9 affidabili della Svizzera. Siamo un percorso invisibile ma affidabile per l'assicurazione privata sulla vita (PPLI), i trust, il private banking e la custodia sicura dell'oro al pi\u00f9 alto livello di servizi finanziari.<\/p>\n\n\n\n<h2 class=\"wp-block-heading\" id=\"h-our-mission\">La nostra missione<\/h2>\n\n\n\n<p>Il nostro obiettivo \u00e8 quello di fornire un accesso libero alle migliori opportunit\u00e0 di strutturazione del patrimonio in Svizzera e tutti i vantaggi di operare da un Paese noto per la sua stabilit\u00e0, certezza giuridica e discrezione. Inoltre, cerchiamo di dare ai nostri clienti la fiducia necessaria per proteggere, accrescere e trasferire il loro patrimonio.<\/p>\n\n\n\n<h2 class=\"wp-block-heading\" id=\"h-our-vision\">La nostra visione<\/h2>\n\n\n\n<p>Soprattutto, offriamo un approccio trasparente e personalizzato alla gestione patrimoniale attraverso una piattaforma digitale intelligente che riflette la precisione e l'affidabilit\u00e0 sinonimo di Svizzera.<\/p>\n\n\n\n<h2 class=\"wp-block-heading\" id=\"h-who-we-are\">Chi siamo<\/h2>\n\n\n\n<p>Swssco \u00e8 un hub patrimoniale con sede in Svizzera, creato da esperti con una lunga esperienza nel settore del private banking, delle assicurazioni e della protezione patrimoniale. Inoltre, lavoriamo solo con entit\u00e0 e fornitori di servizi svizzeri affidabili e dotati di licenza eccellente.<\/p>\n\n\n\n<h2 class=\"wp-block-heading\" id=\"h-what-we-offer\">Cosa offriamo<\/h2>\n\n\n\n<p><strong>Accesso a fornitori di livello mondiale: <\/strong>Accesso diretto a banche private, assicurazioni e avvocati d'\u00e9lite in Svizzera. <\/p>\n\n\n\n<p><strong>Consulenza patrimoniale completa: <\/strong>Approcci personalizzati alla protezione della propriet\u00e0, alla pianificazione successoria e immobiliare, all'ottimizzazione fiscale e alla valorizzazione del patrimonio. <\/p>\n\n\n\n<p><strong>Servizi di custodia sicura: <\/strong>Un comodo spazio di stoccaggio per l'oro e altri beni nei porti franchi della Svizzera, estremamente sicuri. <\/p>\n\n\n\n<p><strong>Supporto alle decisioni: <\/strong>Suggerimenti e competenze su come i clienti dovrebbero procedere.<\/p>\n\n\n\n<h2 class=\"wp-block-heading\" id=\"h-why-switzerland\">Perch\u00e9 la Svizzera?<\/h2>\n\n\n\n<p>La reputazione della Svizzera in termini di neutralit\u00e0 politica, solide strutture finanziarie e protezione della privacy \u00e8 di fama internazionale. Queste caratteristiche la rendono la giurisdizione migliore non solo per proteggere il patrimonio, ma anche per creare eredit\u00e0.<\/p>\n\n\n\n<h2 class=\"wp-block-heading\" id=\"h-our-commitment\">Il nostro impegno<\/h2>\n\n\n\n<p>Discrezione, trasparenza e integrit\u00e0 sono valori che portiamo in tutte le nostre relazioni. Swssco<a href=\"https:\/\/swssco.ch\/it\/\"> <\/a>non \u00e8 semplicemente un <a href=\"https:\/\/swssco.ch\/it\/\">elenco <\/a>ma \u00e8 una guida affidabile che vi aiuter\u00e0 a navigare nel complicato mondo delle opzioni di gestione patrimoniale con chiarezza e sicurezza.<\/p>\n\n\n\n<h2 class=\"wp-block-heading\" id=\"h-meet-our-editor-serhii-baiev\">Incontra il nostro editore - Serhii Baiev<\/h2>\n\n\n\n<p>I contenuti modificati sono supervisionati da <a href=\"https:\/\/www.linkedin.com\/in\/segiybaev\/\">Serhii Baiev<\/a>che vanta un'esperienza decennale nel campo della comunicazione per la gestione patrimoniale e il private banking. Grazie al suo impegno, Swssco fornisce informazioni significative, affidabili e accurate ai nostri clienti e partner.<\/p>\n\n\n\n<h2 class=\"wp-block-heading\">Contattaci - Collaborazioni e stage sponsorizzati<\/h2>\n\n\n\n<p>Per richiedere un tirocinio sponsorizzato o un'altra partnership o collaborazione, contattateci:<\/p>\n\n\n\n<p>E-mail: <a href=\"mailto:info@swssco.ch\">info@swssco.ch<\/a><\/p>\n\n\n\n<p>Per domande di carattere generale o di assistenza non legate a questi articoli, vi preghiamo di contattarci attraverso il modulo presente nella sezione apposita del nostro sito web. Speriamo di poter fare qualcosa insieme a voi.<\/p>","protected":false},"excerpt":{"rendered":"<p>Swssco connects high-net-worth individuals and families worldwide with Switzerland\u2019s most trusted wealth management and structuring providers. We are an invisible but trustworthy pathway to Private Placement Life Insurance (PPLI), trusts, private banking, and secure storage of gold at the highest level of financial services. Our Mission We aim to provide unencumbered access to top of [&hellip;]<\/p>","protected":false},"author":1,"featured_media":5332,"parent":0,"menu_order":0,"comment_status":"closed","ping_status":"closed","template":"","meta":{"content-type":"","_monsterinsights_skip_tracking":false,"_monsterinsights_sitenote_active":false,"_monsterinsights_sitenote_note":"","_monsterinsights_sitenote_category":0,"_uf_show_specific_survey":0,"_uf_disable_surveys":false,"footnotes":""},"class_list":["post-5331","page","type-page","status-publish","has-post-thumbnail","hentry"],"yoast_head":"<!-- This site is optimized with the Yoast SEO Premium plugin v24.6 (Yoast SEO v24.6) - https:\/\/yoast.com\/wordpress\/plugins\/seo\/ -->\n<title>Swssco About Us: Gateway to Swiss Wealth Excellence<\/title>\n<meta name=\"description\" content=\"Swssco About Us: Discover Switzerland\u2019s trusted gateway to elite wealth solutions, discreet, precise, and tailored for global HNW clients.\" \/>\n<meta name=\"robots\" content=\"index, follow, max-snippet:-1, max-image-preview:large, max-video-preview:-1\" \/>\n<link rel=\"canonical\" href=\"https:\/\/swssco.ch\/it\/about-swssco\/\" \/>\n<meta property=\"og:locale\" content=\"it_IT\" \/>\n<meta property=\"og:type\" content=\"article\" \/>\n<meta property=\"og:title\" content=\"About Swssco \u2014 Your Gateway to Swiss Wealth Excellence\" \/>\n<meta property=\"og:description\" content=\"Swssco About Us: Discover Switzerland\u2019s trusted gateway to elite wealth solutions, discreet, precise, and tailored for global HNW clients.\" \/>\n<meta property=\"og:url\" content=\"https:\/\/swssco.ch\/it\/about-swssco\/\" \/>\n<meta property=\"og:site_name\" content=\"Swssco\" \/>\n<meta property=\"article:publisher\" content=\"https:\/\/www.facebook.com\/swssco.ch\" \/>\n<meta property=\"article:modified_time\" content=\"2025-07-09T13:05:31+00:00\" \/>\n<meta property=\"og:image\" content=\"https:\/\/swssco.ch\/wp-content\/uploads\/2025\/07\/swssco-about-us.webp\" \/>\n\t<meta property=\"og:image:width\" content=\"1280\" \/>\n\t<meta property=\"og:image:height\" content=\"720\" \/>\n\t<meta property=\"og:image:type\" content=\"image\/webp\" \/>\n<meta name=\"twitter:card\" content=\"summary_large_image\" \/>\n<meta name=\"twitter:label1\" content=\"Tempo di lettura stimato\" \/>\n\t<meta name=\"twitter:data1\" content=\"3 minuti\" \/>\n<script type=\"application\/ld+json\" class=\"yoast-schema-graph\">{\"@context\":\"https:\/\/schema.org\",\"@graph\":[{\"@type\":\"WebPage\",\"@id\":\"https:\/\/swssco.ch\/about-swssco\/\",\"url\":\"https:\/\/swssco.ch\/about-swssco\/\",\"name\":\"Swssco About Us: Gateway to Swiss Wealth Excellence\",\"isPartOf\":{\"@id\":\"https:\/\/swssco.ch\/#website\"},\"primaryImageOfPage\":{\"@id\":\"https:\/\/swssco.ch\/about-swssco\/#primaryimage\"},\"image\":{\"@id\":\"https:\/\/swssco.ch\/about-swssco\/#primaryimage\"},\"thumbnailUrl\":\"https:\/\/swssco.ch\/wp-content\/uploads\/2025\/07\/swssco-about-us.webp\",\"datePublished\":\"2025-07-09T12:53:49+00:00\",\"dateModified\":\"2025-07-09T13:05:31+00:00\",\"description\":\"Swssco About Us: Discover Switzerland\u2019s trusted gateway to elite wealth solutions, discreet, precise, and tailored for global HNW clients.\",\"breadcrumb\":{\"@id\":\"https:\/\/swssco.ch\/about-swssco\/#breadcrumb\"},\"inLanguage\":\"it-IT\",\"potentialAction\":[{\"@type\":\"ReadAction\",\"target\":[\"https:\/\/swssco.ch\/about-swssco\/\"]}]},{\"@type\":\"ImageObject\",\"inLanguage\":\"it-IT\",\"@id\":\"https:\/\/swssco.ch\/about-swssco\/#primaryimage\",\"url\":\"https:\/\/swssco.ch\/wp-content\/uploads\/2025\/07\/swssco-about-us.webp\",\"contentUrl\":\"https:\/\/swssco.ch\/wp-content\/uploads\/2025\/07\/swssco-about-us.webp\",\"width\":1280,\"height\":720,\"caption\":\"swssco about us\"},{\"@type\":\"BreadcrumbList\",\"@id\":\"https:\/\/swssco.ch\/about-swssco\/#breadcrumb\",\"itemListElement\":[{\"@type\":\"ListItem\",\"position\":1,\"name\":\"Home\",\"item\":\"https:\/\/swssco.ch\/\"},{\"@type\":\"ListItem\",\"position\":2,\"name\":\"About Swssco \u2014 Your Gateway to Swiss Wealth Excellence\"}]},{\"@type\":\"WebSite\",\"@id\":\"https:\/\/swssco.ch\/#website\",\"url\":\"https:\/\/swssco.ch\/\",\"name\":\"Swssco\",\"description\":\"Swiss Wealth Hub\",\"publisher\":{\"@id\":\"https:\/\/swssco.ch\/#organization\"},\"alternateName\":\"Wealth & Asset Management Directory\",\"potentialAction\":[{\"@type\":\"SearchAction\",\"target\":{\"@type\":\"EntryPoint\",\"urlTemplate\":\"https:\/\/swssco.ch\/?s={search_term_string}\"},\"query-input\":{\"@type\":\"PropertyValueSpecification\",\"valueRequired\":true,\"valueName\":\"search_term_string\"}}],\"inLanguage\":\"it-IT\"},{\"@type\":\"Organization\",\"@id\":\"https:\/\/swssco.ch\/#organization\",\"name\":\"Swssco\",\"alternateName\":\"Swssco\",\"url\":\"https:\/\/swssco.ch\/\",\"logo\":{\"@type\":\"ImageObject\",\"inLanguage\":\"it-IT\",\"@id\":\"https:\/\/swssco.ch\/#\/schema\/logo\/image\/\",\"url\":\"https:\/\/swssco.ch\/wp-content\/uploads\/2025\/03\/qqq-removebg-preview.png\",\"contentUrl\":\"https:\/\/swssco.ch\/wp-content\/uploads\/2025\/03\/qqq-removebg-preview.png\",\"width\":400,\"height\":100,\"caption\":\"Swssco\"},\"image\":{\"@id\":\"https:\/\/swssco.ch\/#\/schema\/logo\/image\/\"},\"sameAs\":[\"https:\/\/www.facebook.com\/swssco.ch\",\"https:\/\/www.linkedin.com\/company\/swssco-ch\"],\"description\":\"Our mission is to create a transparent, convenient, and reliable resource for finding and selecting Switzerland\u2019s top financial institutions. In doing so, we aim to provide you with a seamless experience, making it easier than ever to connect with trusted, leading financial experts. Furthermore, we are committed to offering comprehensive insights and guidance, ensuring you make informed decisions every step of the way.\",\"email\":\"info@swssco.ch\",\"legalName\":\"Swssco\",\"foundingDate\":\"2022-12-07\",\"numberOfEmployees\":{\"@type\":\"QuantitativeValue\",\"minValue\":\"1\",\"maxValue\":\"10\"}}]}<\/script>\n<!-- \/ Yoast SEO Premium plugin. -->","yoast_head_json":{"title":"Swssco About Us: Gateway to Swiss Wealth Excellence","description":"Swssco About Us: Discover Switzerland\u2019s trusted gateway to elite wealth solutions, discreet, precise, and tailored for global HNW clients.","robots":{"index":"index","follow":"follow","max-snippet":"max-snippet:-1","max-image-preview":"max-image-preview:large","max-video-preview":"max-video-preview:-1"},"canonical":"https:\/\/swssco.ch\/it\/about-swssco\/","og_locale":"it_IT","og_type":"article","og_title":"About Swssco \u2014 Your Gateway to Swiss Wealth Excellence","og_description":"Swssco About Us: Discover Switzerland\u2019s trusted gateway to elite wealth solutions, discreet, precise, and tailored for global HNW clients.","og_url":"https:\/\/swssco.ch\/it\/about-swssco\/","og_site_name":"Swssco","article_publisher":"https:\/\/www.facebook.com\/swssco.ch","article_modified_time":"2025-07-09T13:05:31+00:00","og_image":[{"width":1280,"height":720,"url":"https:\/\/swssco.ch\/wp-content\/uploads\/2025\/07\/swssco-about-us.webp","type":"image\/webp"}],"twitter_card":"summary_large_image","twitter_misc":{"Tempo di lettura stimato":"3 minuti"},"schema":{"@context":"https:\/\/schema.org","@graph":[{"@type":"WebPage","@id":"https:\/\/swssco.ch\/about-swssco\/","url":"https:\/\/swssco.ch\/about-swssco\/","name":"Swssco About Us: Gateway to Swiss Wealth Excellence","isPartOf":{"@id":"https:\/\/swssco.ch\/#website"},"primaryImageOfPage":{"@id":"https:\/\/swssco.ch\/about-swssco\/#primaryimage"},"image":{"@id":"https:\/\/swssco.ch\/about-swssco\/#primaryimage"},"thumbnailUrl":"https:\/\/swssco.ch\/wp-content\/uploads\/2025\/07\/swssco-about-us.webp","datePublished":"2025-07-09T12:53:49+00:00","dateModified":"2025-07-09T13:05:31+00:00","description":"Swssco About Us: Discover Switzerland\u2019s trusted gateway to elite wealth solutions, discreet, precise, and tailored for global HNW clients.","breadcrumb":{"@id":"https:\/\/swssco.ch\/about-swssco\/#breadcrumb"},"inLanguage":"it-IT","potentialAction":[{"@type":"ReadAction","target":["https:\/\/swssco.ch\/about-swssco\/"]}]},{"@type":"ImageObject","inLanguage":"it-IT","@id":"https:\/\/swssco.ch\/about-swssco\/#primaryimage","url":"https:\/\/swssco.ch\/wp-content\/uploads\/2025\/07\/swssco-about-us.webp","contentUrl":"https:\/\/swssco.ch\/wp-content\/uploads\/2025\/07\/swssco-about-us.webp","width":1280,"height":720,"caption":"swssco about us"},{"@type":"BreadcrumbList","@id":"https:\/\/swssco.ch\/about-swssco\/#breadcrumb","itemListElement":[{"@type":"ListItem","position":1,"name":"Home","item":"https:\/\/swssco.ch\/"},{"@type":"ListItem","position":2,"name":"About Swssco \u2014 Your Gateway to Swiss Wealth Excellence"}]},{"@type":"WebSite","@id":"https:\/\/swssco.ch\/#website","url":"https:\/\/swssco.ch\/","name":"Swssco","description":"Swiss Wealth Hub","publisher":{"@id":"https:\/\/swssco.ch\/#organization"},"alternateName":"Wealth & Asset Management Directory","potentialAction":[{"@type":"SearchAction","target":{"@type":"EntryPoint","urlTemplate":"https:\/\/swssco.ch\/?s={search_term_string}"},"query-input":{"@type":"PropertyValueSpecification","valueRequired":true,"valueName":"search_term_string"}}],"inLanguage":"it-IT"},{"@type":"Organization","@id":"https:\/\/swssco.ch\/#organization","name":"Swssco","alternateName":"Swssco","url":"https:\/\/swssco.ch\/","logo":{"@type":"ImageObject","inLanguage":"it-IT","@id":"https:\/\/swssco.ch\/#\/schema\/logo\/image\/","url":"https:\/\/swssco.ch\/wp-content\/uploads\/2025\/03\/qqq-removebg-preview.png","contentUrl":"https:\/\/swssco.ch\/wp-content\/uploads\/2025\/03\/qqq-removebg-preview.png","width":400,"height":100,"caption":"Swssco"},"image":{"@id":"https:\/\/swssco.ch\/#\/schema\/logo\/image\/"},"sameAs":["https:\/\/www.facebook.com\/swssco.ch","https:\/\/www.linkedin.com\/company\/swssco-ch"],"description":"Our mission is to create a transparent, convenient, and reliable resource for finding and selecting Switzerland\u2019s top financial institutions. In doing so, we aim to provide you with a seamless experience, making it easier than ever to connect with trusted, leading financial experts. Furthermore, we are committed to offering comprehensive insights and guidance, ensuring you make informed decisions every step of the way.","email":"info@swssco.ch","legalName":"Swssco","foundingDate":"2022-12-07","numberOfEmployees":{"@type":"QuantitativeValue","minValue":"1","maxValue":"10"}}]}},"_links":{"self":[{"href":"https:\/\/swssco.ch\/it\/wp-json\/wp\/v2\/pages\/5331","targetHints":{"allow":["GET"]}}],"collection":[{"href":"https:\/\/swssco.ch\/it\/wp-json\/wp\/v2\/pages"}],"about":[{"href":"https:\/\/swssco.ch\/it\/wp-json\/wp\/v2\/types\/page"}],"author":[{"embeddable":true,"href":"https:\/\/swssco.ch\/it\/wp-json\/wp\/v2\/users\/1"}],"replies":[{"embeddable":true,"href":"https:\/\/swssco.ch\/it\/wp-json\/wp\/v2\/comments?post=5331"}],"version-history":[{"count":8,"href":"https:\/\/swssco.ch\/it\/wp-json\/wp\/v2\/pages\/5331\/revisions"}],"predecessor-version":[{"id":5343,"href":"https:\/\/swssco.ch\/it\/wp-json\/wp\/v2\/pages\/5331\/revisions\/5343"}],"wp:featuredmedia":[{"embeddable":true,"href":"https:\/\/swssco.ch\/it\/wp-json\/wp\/v2\/media\/5332"}],"wp:attachment":[{"href":"https:\/\/swssco.ch\/it\/wp-json\/wp\/v2\/media?parent=5331"}],"curies":[{"name":"wp","href":"https:\/\/api.w.org\/{rel}","templated":true}]}}